{"id":1008,"date":"2022-07-27T14:04:57","date_gmt":"2022-07-27T12:04:57","guid":{"rendered":"https:\/\/urolake.eus\/?page_id=1008"},"modified":"2022-08-31T11:03:40","modified_gmt":"2022-08-31T09:03:40","slug":"historia-del-club","status":"publish","type":"page","link":"https:\/\/urolake.eus\/es\/historia-del-club\/","title":{"rendered":"Historia del Club"},"content":{"rendered":"<p>El Urola Kirol Elkartea se cre\u00f3 oficialmente en 1971 como club deportivo de Zumarraga y Urretxu. Sin embargo, el Urola realiz\u00f3 un breve recorrido entre 1941 y 1944. En ese tramo particip\u00f3 en la Copa de Gipuzkoa y en la Regional de Primera. En aquella primera \u00e9poca jugaban en el campo de f\u00fatbol Jauregi, construido en las inmediaciones de la casa torre Legazpi. Aquel fue el primer campo de f\u00fatbol de Urretxu-Zumarraga; en 1944, con la desaparici\u00f3n del campo (debido a la industrializaci\u00f3n), el equipo se disolvi\u00f3.<\/p>\n<p>Hay que destacar que hab\u00eda mucha afici\u00f3n al f\u00fatbol en nuestros dos pueblos y muchas cuadrillas de amigos pateaban el bal\u00f3n. En Urretxu estaba el campo de Elizalde (Campito) y en Zumarraga el patio del colegio La Salle Legazpi. All\u00ed jugaban muchos campeonatos (de nueve jugadores). El campo de Elizalde fue construido por j\u00f3venes urretxuarras que organizaron su primer campeonato en la temporada 1960\/61. El campo de La Salle fue inaugurado en 1963.<\/p>\n<p>Como ya se ha comentado, el Urola retom\u00f3 su andadura en 1971 con jugadores de dos localidades. Para ello, primero construyeron el campo de f\u00fatbol y consiguieron socios. No fue una tarea dif\u00edcil porque hab\u00eda mucha afici\u00f3n.<\/p>\n<p>El 16 de agosto se inaugur\u00f3 el campo de Argixao con el partido Real Sociedad-Eibar; el primer partido de Liga lo disputaron en Bera ante el Gure-Txokoa, el primer domingo de septiembre.<\/p>\n<p>Comenzaron jugando en categor\u00eda Regional de Segunda Divisi\u00f3n, pero un a\u00f1o despu\u00e9s, el Urola logr\u00f3 el ascenso a Regional de Primera (actual categor\u00eda Preferente). En 1983-84 descendi\u00f3 a Segunda Divisi\u00f3n, pero un a\u00f1o despu\u00e9s volvi\u00f3 a subir.<\/p>\n<h2>Ascenso a tercera<\/h2>\n<img loading=\"lazy\" decoding=\"async\" class=\"aligncenter wp-image-2950 size-full\" src=\"https:\/\/urolake.eus\/wp-content\/uploads\/2022\/08\/06_Argazkia_3.-Mailara-igoera-scaled.jpg\" alt=\"3. Mailara igoera - Urola K.E.\" width=\"2560\" height=\"1800\" srcset=\"https:\/\/urolake.eus\/wp-content\/uploads\/2022\/08\/06_Argazkia_3.-Mailara-igoera-scaled.jpg 2560w, https:\/\/urolake.eus\/wp-content\/uploads\/2022\/08\/06_Argazkia_3.-Mailara-igoera-300x211.jpg 300w, https:\/\/urolake.eus\/wp-content\/uploads\/2022\/08\/06_Argazkia_3.-Mailara-igoera-1024x720.jpg 1024w, https:\/\/urolake.eus\/wp-content\/uploads\/2022\/08\/06_Argazkia_3.-Mailara-igoera-768x540.jpg 768w, https:\/\/urolake.eus\/wp-content\/uploads\/2022\/08\/06_Argazkia_3.-Mailara-igoera-1536x1080.jpg 1536w, https:\/\/urolake.eus\/wp-content\/uploads\/2022\/08\/06_Argazkia_3.-Mailara-igoera-2048x1440.jpg 2048w\" sizes=\"auto, (max-width: 2560px) 100vw, 2560px\" \/>\n<p>El primer equipo del Urola logr\u00f3 el ascenso a 3\u00aa divisi\u00f3n en la temporada 1991-92. Era un equipo s\u00f3lido que estaban jugando juntos desde la categor\u00eda juvenil y gracias a eso consiguieron el ascenso. Este fue un gran salto para el club, ya que jugar en esa liga le dio mucha repercusi\u00f3n. La nueva situaci\u00f3n fue aprovechada, adem\u00e1s, para realizar varias mejoras en el campo de Argixao. Jugaron durante cinco a\u00f1os, hasta el final de la temporada 1996-97.<\/p>\n<p>Desde entonces, el primer equipo del Urola ha militado unas veces en la m\u00e1xima categor\u00eda regional y otras en la categor\u00eda inferior (actual Regional Preferente). El \u00faltimo descenso fue en 2018, pero un a\u00f1o despu\u00e9s logr\u00f3 el ascenso a Divisi\u00f3n de Honor y ah\u00ed sigue.<\/p>\n<p>Hasta llegar a senior, actualmente el Urola cuenta con 12 equipos masculinos: tres en categor\u00eda alev\u00edn, tres en infantiles, tres en cadetes, dos en juveniles y el equipo de Regional. A ellos hay que sumar tres equipos de la escuela de f\u00fatbol.<\/p>\n<h2>F\u00fatbol femenino<\/h2>\n<img loading=\"lazy\" decoding=\"async\" class=\"size-large wp-image-2972 aligncenter\" src=\"https:\/\/urolake.eus\/wp-content\/uploads\/2022\/08\/07_Argazkia_Emakumeen-futbola_1-1024x732.jpg\" alt=\"\" width=\"640\" height=\"458\" srcset=\"https:\/\/urolake.eus\/wp-content\/uploads\/2022\/08\/07_Argazkia_Emakumeen-futbola_1-1024x732.jpg 1024w, https:\/\/urolake.eus\/wp-content\/uploads\/2022\/08\/07_Argazkia_Emakumeen-futbola_1-300x214.jpg 300w, https:\/\/urolake.eus\/wp-content\/uploads\/2022\/08\/07_Argazkia_Emakumeen-futbola_1-768x549.jpg 768w, https:\/\/urolake.eus\/wp-content\/uploads\/2022\/08\/07_Argazkia_Emakumeen-futbola_1.jpg 1325w\" sizes=\"auto, (max-width: 640px) 100vw, 640px\" \/>\n<p>En la temporada 1987-1988 se form\u00f3 en nuestra zona el primer grupo de chicas de f\u00fatbol: ikastola Urretxu Zumarraga Seirak. El grupo creado al amparo de la ikastola estaba formado por alumnas de la misma y de otros centros. Los entrenaba Asensio Sudupe, con la ayuda de Jes\u00fas Mari Garralda e I\u00f1aki Beitia. Junto a Sudupe, Vicente Mesonero trabaj\u00f3 mucho en la creaci\u00f3n del equipo. Completaron una trayectoria de 11 a\u00f1os, hasta que en la temporada 1998-1999 Urola Kirol Elkartea asumi\u00f3 la gesti\u00f3n del club. En aquella \u00e9poca comenz\u00f3 a cobrar fuerza el f\u00fatbol femenino a nivel de Gipuzkoa y poco a poco fueron surgiendo equipos en todas las localidades.<\/p>\n<img loading=\"lazy\" decoding=\"async\" class=\"size-large wp-image-2974 aligncenter\" src=\"https:\/\/urolake.eus\/wp-content\/uploads\/2022\/08\/08_Argazkia_Emakumeen-futbola_2-1024x720.jpg\" alt=\"\" width=\"640\" height=\"450\" srcset=\"https:\/\/urolake.eus\/wp-content\/uploads\/2022\/08\/08_Argazkia_Emakumeen-futbola_2-1024x720.jpg 1024w, https:\/\/urolake.eus\/wp-content\/uploads\/2022\/08\/08_Argazkia_Emakumeen-futbola_2-300x211.jpg 300w, https:\/\/urolake.eus\/wp-content\/uploads\/2022\/08\/08_Argazkia_Emakumeen-futbola_2-768x540.jpg 768w, https:\/\/urolake.eus\/wp-content\/uploads\/2022\/08\/08_Argazkia_Emakumeen-futbola_2-1536x1080.jpg 1536w, https:\/\/urolake.eus\/wp-content\/uploads\/2022\/08\/08_Argazkia_Emakumeen-futbola_2-2048x1440.jpg 2048w\" sizes=\"auto, (max-width: 640px) 100vw, 640px\" \/>\n<p>Siguiendo el camino iniciado entonces y especialmente gracias al esfuerzo realizado en los \u00faltimos a\u00f1os, hoy en d\u00eda, el f\u00fatbol femenino est\u00e1 muy vivo en Urretxu-Zumarraga; el Urola tiene equipos en todas las categor\u00edas, desde la escuela de f\u00fatbol hasta la Divisi\u00f3n de Honor.<\/p>\n<h2>Escuela de f\u00fatbol<\/h2>\n<img loading=\"lazy\" decoding=\"async\" class=\"aligncenter wp-image-2977 size-full\" src=\"https:\/\/urolake.eus\/wp-content\/uploads\/2022\/08\/09_Argazkia_Futbol-eskola.jpg\" alt=\"\" width=\"1024\" height=\"768\" srcset=\"https:\/\/urolake.eus\/wp-content\/uploads\/2022\/08\/09_Argazkia_Futbol-eskola.jpg 1024w, https:\/\/urolake.eus\/wp-content\/uploads\/2022\/08\/09_Argazkia_Futbol-eskola-300x225.jpg 300w, https:\/\/urolake.eus\/wp-content\/uploads\/2022\/08\/09_Argazkia_Futbol-eskola-768x576.jpg 768w\" sizes=\"auto, (max-width: 1024px) 100vw, 1024px\" \/>\n<p>Desde la creaci\u00f3n del Urola Kirol Elkartea, la actividad no ha cesado y la evoluci\u00f3n del club ha ido en aumento: se ha incrementado el n\u00famero de equipos, se ha consolidado el f\u00fatbol femenino y se ha creado la escuela de f\u00fatbol, para fomentar la cantera tanto de chicos como de chicas y garantizar el futuro del club. Y es que el club no solo fomenta el rendimiento, tambi\u00e9n la participaci\u00f3n. El Urola ofrece a todos los apasionados del f\u00fatbol la posibilidad de disfrutar del mismo y ser part\u00edcipes de un proyecto deportivo s\u00f3lido.<\/p>\n<h2>Nuestros valores<\/h2>\n<img loading=\"lazy\" decoding=\"async\" class=\"aligncenter wp-image-2986 size-full\" src=\"https:\/\/urolake.eus\/wp-content\/uploads\/2022\/08\/10_Argazkia_Gure-baloreak_1.jpg\" alt=\"\" width=\"1024\" height=\"679\" srcset=\"https:\/\/urolake.eus\/wp-content\/uploads\/2022\/08\/10_Argazkia_Gure-baloreak_1.jpg 1024w, https:\/\/urolake.eus\/wp-content\/uploads\/2022\/08\/10_Argazkia_Gure-baloreak_1-300x199.jpg 300w, https:\/\/urolake.eus\/wp-content\/uploads\/2022\/08\/10_Argazkia_Gure-baloreak_1-768x509.jpg 768w\" sizes=\"auto, (max-width: 1024px) 100vw, 1024px\" \/>\n<p>Jugando al f\u00fatbol, aprender m\u00e1s sobre el f\u00fatbol, disfrutar de este deporte, hacer amigos, educar a los j\u00f3venes en valores, fomentar la colaboraci\u00f3n son los ejes del proyecto deportivo del Urola. Urola es una gran familia que a trav\u00e9s del f\u00fatbol trabaja para mostrar a las ni\u00f1as y ni\u00f1os y a los j\u00f3venes los valores imprescindibles para su vida cotidiana: respeto, humildad, responsabilidad, compromiso, trabajo personal y en equipo.<\/p>\n<img loading=\"lazy\" decoding=\"async\" class=\"aligncenter wp-image-2988 size-large\" src=\"https:\/\/urolake.eus\/wp-content\/uploads\/2022\/08\/11_Argazkia_Gure-baloreak_2-1024x642.jpg\" alt=\"\" width=\"640\" height=\"401\" srcset=\"https:\/\/urolake.eus\/wp-content\/uploads\/2022\/08\/11_Argazkia_Gure-baloreak_2-1024x642.jpg 1024w, https:\/\/urolake.eus\/wp-content\/uploads\/2022\/08\/11_Argazkia_Gure-baloreak_2-300x188.jpg 300w, https:\/\/urolake.eus\/wp-content\/uploads\/2022\/08\/11_Argazkia_Gure-baloreak_2-768x481.jpg 768w, https:\/\/urolake.eus\/wp-content\/uploads\/2022\/08\/11_Argazkia_Gure-baloreak_2-1536x962.jpg 1536w, https:\/\/urolake.eus\/wp-content\/uploads\/2022\/08\/11_Argazkia_Gure-baloreak_2.jpg 2048w\" sizes=\"auto, (max-width: 640px) 100vw, 640px\" \/>\n<h2>Somos porque fueron; ser\u00e1n porque somos<\/h2>\n<figure id=\"attachment_2990\" aria-describedby=\"caption-attachment-2990\" style=\"width: 640px\" class=\"wp-caption aligncenter\"><img loading=\"lazy\" decoding=\"async\" class=\"size-large wp-image-2990\" src=\"https:\/\/urolake.eus\/wp-content\/uploads\/2022\/08\/12_Argazkia_Izan-zirelako-gara-1024x768.jpg\" alt=\"\" width=\"640\" height=\"480\" srcset=\"https:\/\/urolake.eus\/wp-content\/uploads\/2022\/08\/12_Argazkia_Izan-zirelako-gara-1024x768.jpg 1024w, https:\/\/urolake.eus\/wp-content\/uploads\/2022\/08\/12_Argazkia_Izan-zirelako-gara-300x225.jpg 300w, https:\/\/urolake.eus\/wp-content\/uploads\/2022\/08\/12_Argazkia_Izan-zirelako-gara-768x576.jpg 768w, https:\/\/urolake.eus\/wp-content\/uploads\/2022\/08\/12_Argazkia_Izan-zirelako-gara-1536x1152.jpg 1536w, https:\/\/urolake.eus\/wp-content\/uploads\/2022\/08\/12_Argazkia_Izan-zirelako-gara-2048x1536.jpg 2048w\" sizes=\"auto, (max-width: 640px) 100vw, 640px\" \/><figcaption id=\"caption-attachment-2990\" class=\"wp-caption-text\">dav<\/figcaption><\/figure>\n<p>El Urola ofrece a las ni\u00f1as y ni\u00f1os y a los j\u00f3venes de Zumarraga y Urretxu una buena y saludable relaci\u00f3n con el deporte y una educaci\u00f3n en valores, una herramienta para su desarrollo personal. Pero el club es m\u00e1s que eso, tambi\u00e9n es una muestra del trabajo vlountario. Atra\u00eddos por la afici\u00f3n, miles de j\u00f3venes han formado parte del Urola; muchos de ellos, despu\u00e9s de ser jugadores, han sido posteriormente entrenadores, delegados o directivos. Han pasado de jugar al f\u00fatbol a ense\u00f1ar, o a ayudar como pueden. Gracias a todos ellos ha avanzado la sociedad deportiva y ha llegado a cumplir 50 a\u00f1os.<\/p>\n","protected":false},"excerpt":{"rendered":"<p>El Urola Kirol Elkartea se cre\u00f3 oficialmente en 1971 como club deportivo de Zumarraga y Urretxu. Sin embargo, el Urola realiz\u00f3 un breve recorrido entre 1941 y 1944. En ese tramo particip\u00f3 en la Copa de Gipuzkoa y en la Regional de Primera. En aquella primera \u00e9poca jugaban en el campo de f\u00fatbol Jauregi, construido [&hellip;]<\/p>\n","protected":false},"author":1,"featured_media":0,"parent":0,"menu_order":0,"comment_status":"closed","ping_status":"closed","template":"template-historia.php","meta":{"_acf_changed":false,"footnotes":""},"class_list":["post-1008","page","type-page","status-publish","hentry"],"acf":[],"yoast_head":"<!-- This site is optimized with the Yoast SEO plugin v27.5 - https:\/\/yoast.com\/product\/yoast-seo-wordpress\/ -->\n<title>Historia del Club - Urola K.E.<\/title>\n<meta name=\"robots\" content=\"index, follow, max-snippet:-1, max-image-preview:large, max-video-preview:-1\" \/>\n<link rel=\"canonical\" href=\"https:\/\/urolake.eus\/es\/historia-del-club\/\" \/>\n<meta property=\"og:locale\" content=\"es_ES\" \/>\n<meta property=\"og:type\" content=\"article\" \/>\n<meta property=\"og:title\" content=\"Historia del Club - Urola K.E.\" \/>\n<meta property=\"og:description\" content=\"El Urola Kirol Elkartea se cre\u00f3 oficialmente en 1971 como club deportivo de Zumarraga y Urretxu. Sin embargo, el Urola realiz\u00f3 un breve recorrido entre 1941 y 1944. En ese tramo particip\u00f3 en la Copa de Gipuzkoa y en la Regional de Primera. En aquella primera \u00e9poca jugaban en el campo de f\u00fatbol Jauregi, construido [&hellip;]\" \/>\n<meta property=\"og:url\" content=\"https:\/\/urolake.eus\/es\/historia-del-club\/\" \/>\n<meta property=\"og:site_name\" content=\"Urola K.E.\" \/>\n<meta property=\"article:modified_time\" content=\"2022-08-31T09:03:40+00:00\" \/>\n<meta property=\"og:image\" content=\"https:\/\/urolake.eus\/wp-content\/uploads\/2022\/08\/06_Argazkia_3.-Mailara-igoera-scaled.jpg\" \/>\n<meta name=\"twitter:card\" content=\"summary_large_image\" \/>\n<meta name=\"twitter:label1\" content=\"Tiempo de lectura\" \/>\n\t<meta name=\"twitter:data1\" content=\"7 minutos\" \/>\n<script type=\"application\/ld+json\" class=\"yoast-schema-graph\">{\"@context\":\"https:\\\/\\\/schema.org\",\"@graph\":[{\"@type\":\"WebPage\",\"@id\":\"https:\\\/\\\/urolake.eus\\\/es\\\/historia-del-club\\\/\",\"url\":\"https:\\\/\\\/urolake.eus\\\/es\\\/historia-del-club\\\/\",\"name\":\"Historia del Club - Urola K.E.\",\"isPartOf\":{\"@id\":\"https:\\\/\\\/urolake.eus\\\/es\\\/#website\"},\"primaryImageOfPage\":{\"@id\":\"https:\\\/\\\/urolake.eus\\\/es\\\/historia-del-club\\\/#primaryimage\"},\"image\":{\"@id\":\"https:\\\/\\\/urolake.eus\\\/es\\\/historia-del-club\\\/#primaryimage\"},\"thumbnailUrl\":\"https:\\\/\\\/urolake.eus\\\/wp-content\\\/uploads\\\/2022\\\/08\\\/06_Argazkia_3.-Mailara-igoera-scaled.jpg\",\"datePublished\":\"2022-07-27T12:04:57+00:00\",\"dateModified\":\"2022-08-31T09:03:40+00:00\",\"breadcrumb\":{\"@id\":\"https:\\\/\\\/urolake.eus\\\/es\\\/historia-del-club\\\/#breadcrumb\"},\"inLanguage\":\"es\",\"potentialAction\":[{\"@type\":\"ReadAction\",\"target\":[\"https:\\\/\\\/urolake.eus\\\/es\\\/historia-del-club\\\/\"]}]},{\"@type\":\"ImageObject\",\"inLanguage\":\"es\",\"@id\":\"https:\\\/\\\/urolake.eus\\\/es\\\/historia-del-club\\\/#primaryimage\",\"url\":\"https:\\\/\\\/urolake.eus\\\/wp-content\\\/uploads\\\/2022\\\/08\\\/06_Argazkia_3.-Mailara-igoera-scaled.jpg\",\"contentUrl\":\"https:\\\/\\\/urolake.eus\\\/wp-content\\\/uploads\\\/2022\\\/08\\\/06_Argazkia_3.-Mailara-igoera-scaled.jpg\"},{\"@type\":\"BreadcrumbList\",\"@id\":\"https:\\\/\\\/urolake.eus\\\/es\\\/historia-del-club\\\/#breadcrumb\",\"itemListElement\":[{\"@type\":\"ListItem\",\"position\":1,\"name\":\"Inicio\",\"item\":\"https:\\\/\\\/urolake.eus\\\/es\\\/\"},{\"@type\":\"ListItem\",\"position\":2,\"name\":\"Historia del Club\"}]},{\"@type\":\"WebSite\",\"@id\":\"https:\\\/\\\/urolake.eus\\\/es\\\/#website\",\"url\":\"https:\\\/\\\/urolake.eus\\\/es\\\/\",\"name\":\"Urola K.E.\",\"description\":\"\",\"publisher\":{\"@id\":\"https:\\\/\\\/urolake.eus\\\/es\\\/#organization\"},\"potentialAction\":[{\"@type\":\"SearchAction\",\"target\":{\"@type\":\"EntryPoint\",\"urlTemplate\":\"https:\\\/\\\/urolake.eus\\\/es\\\/?s={search_term_string}\"},\"query-input\":{\"@type\":\"PropertyValueSpecification\",\"valueRequired\":true,\"valueName\":\"search_term_string\"}}],\"inLanguage\":\"es\"},{\"@type\":\"Organization\",\"@id\":\"https:\\\/\\\/urolake.eus\\\/es\\\/#organization\",\"name\":\"Urola K.E.\",\"url\":\"https:\\\/\\\/urolake.eus\\\/es\\\/\",\"logo\":{\"@type\":\"ImageObject\",\"inLanguage\":\"es\",\"@id\":\"https:\\\/\\\/urolake.eus\\\/es\\\/#\\\/schema\\\/logo\\\/image\\\/\",\"url\":\"https:\\\/\\\/urolake.eus\\\/wp-content\\\/uploads\\\/2022\\\/08\\\/cropped-UrolaKEtxt2.png\",\"contentUrl\":\"https:\\\/\\\/urolake.eus\\\/wp-content\\\/uploads\\\/2022\\\/08\\\/cropped-UrolaKEtxt2.png\",\"width\":1000,\"height\":357,\"caption\":\"Urola K.E.\"},\"image\":{\"@id\":\"https:\\\/\\\/urolake.eus\\\/es\\\/#\\\/schema\\\/logo\\\/image\\\/\"}}]}<\/script>\n<!-- \/ Yoast SEO plugin. -->","yoast_head_json":{"title":"Historia del Club - Urola K.E.","robots":{"index":"index","follow":"follow","max-snippet":"max-snippet:-1","max-image-preview":"max-image-preview:large","max-video-preview":"max-video-preview:-1"},"canonical":"https:\/\/urolake.eus\/es\/historia-del-club\/","og_locale":"es_ES","og_type":"article","og_title":"Historia del Club - Urola K.E.","og_description":"El Urola Kirol Elkartea se cre\u00f3 oficialmente en 1971 como club deportivo de Zumarraga y Urretxu. Sin embargo, el Urola realiz\u00f3 un breve recorrido entre 1941 y 1944. En ese tramo particip\u00f3 en la Copa de Gipuzkoa y en la Regional de Primera. En aquella primera \u00e9poca jugaban en el campo de f\u00fatbol Jauregi, construido [&hellip;]","og_url":"https:\/\/urolake.eus\/es\/historia-del-club\/","og_site_name":"Urola K.E.","article_modified_time":"2022-08-31T09:03:40+00:00","og_image":[{"url":"https:\/\/urolake.eus\/wp-content\/uploads\/2022\/08\/06_Argazkia_3.-Mailara-igoera-scaled.jpg","type":"","width":"","height":""}],"twitter_card":"summary_large_image","twitter_misc":{"Tiempo de lectura":"7 minutos"},"schema":{"@context":"https:\/\/schema.org","@graph":[{"@type":"WebPage","@id":"https:\/\/urolake.eus\/es\/historia-del-club\/","url":"https:\/\/urolake.eus\/es\/historia-del-club\/","name":"Historia del Club - Urola K.E.","isPartOf":{"@id":"https:\/\/urolake.eus\/es\/#website"},"primaryImageOfPage":{"@id":"https:\/\/urolake.eus\/es\/historia-del-club\/#primaryimage"},"image":{"@id":"https:\/\/urolake.eus\/es\/historia-del-club\/#primaryimage"},"thumbnailUrl":"https:\/\/urolake.eus\/wp-content\/uploads\/2022\/08\/06_Argazkia_3.-Mailara-igoera-scaled.jpg","datePublished":"2022-07-27T12:04:57+00:00","dateModified":"2022-08-31T09:03:40+00:00","breadcrumb":{"@id":"https:\/\/urolake.eus\/es\/historia-del-club\/#breadcrumb"},"inLanguage":"es","potentialAction":[{"@type":"ReadAction","target":["https:\/\/urolake.eus\/es\/historia-del-club\/"]}]},{"@type":"ImageObject","inLanguage":"es","@id":"https:\/\/urolake.eus\/es\/historia-del-club\/#primaryimage","url":"https:\/\/urolake.eus\/wp-content\/uploads\/2022\/08\/06_Argazkia_3.-Mailara-igoera-scaled.jpg","contentUrl":"https:\/\/urolake.eus\/wp-content\/uploads\/2022\/08\/06_Argazkia_3.-Mailara-igoera-scaled.jpg"},{"@type":"BreadcrumbList","@id":"https:\/\/urolake.eus\/es\/historia-del-club\/#breadcrumb","itemListElement":[{"@type":"ListItem","position":1,"name":"Inicio","item":"https:\/\/urolake.eus\/es\/"},{"@type":"ListItem","position":2,"name":"Historia del Club"}]},{"@type":"WebSite","@id":"https:\/\/urolake.eus\/es\/#website","url":"https:\/\/urolake.eus\/es\/","name":"Urola K.E.","description":"","publisher":{"@id":"https:\/\/urolake.eus\/es\/#organization"},"potentialAction":[{"@type":"SearchAction","target":{"@type":"EntryPoint","urlTemplate":"https:\/\/urolake.eus\/es\/?s={search_term_string}"},"query-input":{"@type":"PropertyValueSpecification","valueRequired":true,"valueName":"search_term_string"}}],"inLanguage":"es"},{"@type":"Organization","@id":"https:\/\/urolake.eus\/es\/#organization","name":"Urola K.E.","url":"https:\/\/urolake.eus\/es\/","logo":{"@type":"ImageObject","inLanguage":"es","@id":"https:\/\/urolake.eus\/es\/#\/schema\/logo\/image\/","url":"https:\/\/urolake.eus\/wp-content\/uploads\/2022\/08\/cropped-UrolaKEtxt2.png","contentUrl":"https:\/\/urolake.eus\/wp-content\/uploads\/2022\/08\/cropped-UrolaKEtxt2.png","width":1000,"height":357,"caption":"Urola K.E."},"image":{"@id":"https:\/\/urolake.eus\/es\/#\/schema\/logo\/image\/"}}]}},"_links":{"self":[{"href":"https:\/\/urolake.eus\/es\/wp-json\/wp\/v2\/pages\/1008","targetHints":{"allow":["GET"]}}],"collection":[{"href":"https:\/\/urolake.eus\/es\/wp-json\/wp\/v2\/pages"}],"about":[{"href":"https:\/\/urolake.eus\/es\/wp-json\/wp\/v2\/types\/page"}],"author":[{"embeddable":true,"href":"https:\/\/urolake.eus\/es\/wp-json\/wp\/v2\/users\/1"}],"replies":[{"embeddable":true,"href":"https:\/\/urolake.eus\/es\/wp-json\/wp\/v2\/comments?post=1008"}],"version-history":[{"count":3,"href":"https:\/\/urolake.eus\/es\/wp-json\/wp\/v2\/pages\/1008\/revisions"}],"predecessor-version":[{"id":2996,"href":"https:\/\/urolake.eus\/es\/wp-json\/wp\/v2\/pages\/1008\/revisions\/2996"}],"wp:attachment":[{"href":"https:\/\/urolake.eus\/es\/wp-json\/wp\/v2\/media?parent=1008"}],"curies":[{"name":"wp","href":"https:\/\/api.w.org\/{rel}","templated":true}]}}