{"id":2926,"date":"2022-08-10T11:34:18","date_gmt":"2022-08-10T09:34:18","guid":{"rendered":"https:\/\/urolake.eus\/pribatutasun-politika\/"},"modified":"2022-08-24T10:31:27","modified_gmt":"2022-08-24T08:31:27","slug":"politica-de-privacidad","status":"publish","type":"page","link":"https:\/\/urolake.eus\/es\/politica-de-privacidad\/","title":{"rendered":"Pol\u00edtica de Privacidad"},"content":{"rendered":"<div class=\"post-desc\">\n<p>1. El Urola KE informa a los usuarios que respeta la legislaci\u00f3n vigente en materia de protecci\u00f3n de datos personales, la privacidad de los usuarios y el secreto y seguridad de los datos personales, adoptando para ello las medidas t\u00e9cnicas y organizativas necesarias para evitar la p\u00e9rdida, mal uso, alteraci\u00f3n, acceso no autorizado y robo de los datos personales facilitados, habida cuenta del estado de la tecnolog\u00eda, la naturaleza de los datos y los riesgos a los que est\u00e1n expuestos.<\/p>\n<p>2. Para ello Urola KE tratar\u00e1 los datos de conformidad con los principios de calidad exigidos por la Ley 15\/1.999, de 13 de diciembre de Protecci\u00f3n de Datos (LOPD), de forma confidencial y con las medidas de seguridad exigidas por el Reglamento de Medidas de Seguridad de los Ficheros Automatizados aprobado por Real Decreto 1720\/2007, de 21 de diciembre.<\/p>\n<p>3. Este servicio no est\u00e1 destinado a menores de 14 a\u00f1os. Con el uso de esta web usted acepta bajo su responsabilidad que es mayor de 14 a\u00f1os. El Urola KE eliminar\u00e1 autom\u00e1ticamente todos aquellos datos que tenga conocimiento de que pertenecen a una persona menor de 14 a\u00f1os.<\/p>\n<p>4. En los servicios establecidos por el Urola KE, con el objeto de garantizar la seguridad y confidencialidad, es necesaria la previa identificaci\u00f3n y autenticaci\u00f3n del usuario en el sistema, a trav\u00e9s de la solicitud de claves de acceso. Los datos de car\u00e1cter personal que se faciliten mediante el correspondiente formulario quedar\u00e1n registrados en un fichero de Urola KE, con la finalidad de mantener y gestionar las relaciones con los usuarios del sitio web y promocionar las actividades y servicios que presta.<\/p>\n<p>5. En aquellos supuestos en que el usuario solicite informaci\u00f3n sobre servicios o productos o desee realizar tramitaci\u00f3n de reclamaciones o incidencias, a trav\u00e9s del env\u00edo de formularios residentes en p\u00e1ginas web del Urola KE, ser\u00e1 en todo caso necesario recoger aquellos datos personales que correspondan para poder informarle sobre su solicitud.<\/p>\n<p>6. El simple hecho de enviar un usuario sus datos de car\u00e1cter personal a Urola KE supondr\u00e1 el consentimiento para su incorporaci\u00f3n al fichero y su tratamiento.<\/p>\n<p>7. El usuario podr\u00e1 revocar el consentimiento prestado, sin que tenga efectos retroactivos, y ejercer los derechos de acceso, rectificaci\u00f3n, cancelaci\u00f3n y oposici\u00f3n dirigi\u00e9ndose a C\/ Barandiaran s\/n Argixao, 20700 Zumarraga (Gipuzkoa).<\/p>\n<p>8. El usuario garantiza que los datos personales facilitados a Urola KE son veraces y se hace responsable de comunicar cualquier modificaci\u00f3n de los mismos para que, en todo momento respondan a su situaci\u00f3n actual.<\/p>\n<p>9. Urola KE se reserva expresamente la facultad de ceder o traspasar alguno o todos los datos de car\u00e1cter personal recabados, a otra sociedad que lleve a cabo el tratamiento de estos datos para el desarrollo efectivo de sus funciones.<\/p>\n<p>10. Utilizaci\u00f3n de \u201ccookies\u201d El proceso de navegaci\u00f3n de un usuario en Urola KE al igual que en cualquier otro sitio web deja como \u201crastro\u201d la direcci\u00f3n IP que en esa sesi\u00f3n le ha sido asignada por su Proveedor de Acceso. El registro de dicha direcci\u00f3n IP sirve s\u00f3lo para fines exclusivamente internos, como son las estad\u00edsticas de acceso a este sitio web. La direcci\u00f3n IP para un mismo usuario es distinta de una conexi\u00f3n a Internet a otra, con lo que no es posible deducir ning\u00fan \u201ch\u00e1bito\u201d de navegaci\u00f3n a trav\u00e9s de las p\u00e1ginas de Urola KE por un determinado usuario.<\/p>\n<p>Las cookies utilizadas no pueden leer los archivos cookie creados por otros proveedores o sitios web. El usuario tiene la posibilidad de configurar su navegador para ser avisado en pantalla de la recepci\u00f3n de cookies y para impedir la instalaci\u00f3n de cookies en su disco duro. Por favor, consulte las instrucciones y manuales de su navegador para ampliar esta informaci\u00f3n. Para utilizar la p\u00e1gina web., no resulta necesario que el usuario permita la instalaci\u00f3n de las cookies enviadas por Urola KE<\/p>\n<p>Siempre que no haya activado la opci\u00f3n que impide la instalaci\u00f3n de cookies en su disco duro, Ud. puede explorar su disco duro siguiendo el manual de instrucciones y ayuda de su sistema operativo (normalmente, en sistemas operativos Windows deber\u00e1 consultar la carpeta \\&#8217;C (o la unidad de disco correspondiente)\/Windows\/Cookies\\&#8217;) para conocer con mayor detalle cada servidor desde donde se env\u00edan las cookies.<\/p>\n<p>11. Si tiene cualquier duda o comentario sobre la forma en que Urola KE utiliza los datos de sus usuarios, escr\u00edbanos a C\/ Barandiaran s\/n Argixao, 20700 Zumarraga (Gipuzkoa).\u00bb<\/p>\n<\/div>\n","protected":false},"excerpt":{"rendered":"<p>1. El Urola KE informa a los usuarios que respeta la legislaci\u00f3n vigente en materia de protecci\u00f3n de datos personales, la privacidad de los usuarios y el secreto y seguridad de los datos personales, adoptando para ello las medidas t\u00e9cnicas y organizativas necesarias para evitar la p\u00e9rdida, mal uso, alteraci\u00f3n, acceso no autorizado y robo [&hellip;]<\/p>\n","protected":false},"author":1,"featured_media":0,"parent":0,"menu_order":0,"comment_status":"closed","ping_status":"closed","template":"","meta":{"_acf_changed":false,"footnotes":""},"class_list":["post-2926","page","type-page","status-publish","hentry"],"acf":[],"yoast_head":"<!-- This site is optimized with the Yoast SEO plugin v27.5 - https:\/\/yoast.com\/product\/yoast-seo-wordpress\/ -->\n<title>Pol\u00edtica de Privacidad - Urola K.E.<\/title>\n<meta name=\"robots\" content=\"index, follow, max-snippet:-1, max-image-preview:large, max-video-preview:-1\" \/>\n<link rel=\"canonical\" href=\"https:\/\/urolake.eus\/es\/politica-de-privacidad\/\" \/>\n<meta property=\"og:locale\" content=\"es_ES\" \/>\n<meta property=\"og:type\" content=\"article\" \/>\n<meta property=\"og:title\" content=\"Pol\u00edtica de Privacidad - Urola K.E.\" \/>\n<meta property=\"og:description\" content=\"1. El Urola KE informa a los usuarios que respeta la legislaci\u00f3n vigente en materia de protecci\u00f3n de datos personales, la privacidad de los usuarios y el secreto y seguridad de los datos personales, adoptando para ello las medidas t\u00e9cnicas y organizativas necesarias para evitar la p\u00e9rdida, mal uso, alteraci\u00f3n, acceso no autorizado y robo [&hellip;]\" \/>\n<meta property=\"og:url\" content=\"https:\/\/urolake.eus\/es\/politica-de-privacidad\/\" \/>\n<meta property=\"og:site_name\" content=\"Urola K.E.\" \/>\n<meta property=\"article:modified_time\" content=\"2022-08-24T08:31:27+00:00\" \/>\n<meta name=\"twitter:card\" content=\"summary_large_image\" \/>\n<meta name=\"twitter:label1\" content=\"Tiempo de lectura\" \/>\n\t<meta name=\"twitter:data1\" content=\"4 minutos\" \/>\n<script type=\"application\/ld+json\" class=\"yoast-schema-graph\">{\"@context\":\"https:\\\/\\\/schema.org\",\"@graph\":[{\"@type\":\"WebPage\",\"@id\":\"https:\\\/\\\/urolake.eus\\\/es\\\/politica-de-privacidad\\\/\",\"url\":\"https:\\\/\\\/urolake.eus\\\/es\\\/politica-de-privacidad\\\/\",\"name\":\"Pol\u00edtica de Privacidad - Urola K.E.\",\"isPartOf\":{\"@id\":\"https:\\\/\\\/urolake.eus\\\/es\\\/#website\"},\"datePublished\":\"2022-08-10T09:34:18+00:00\",\"dateModified\":\"2022-08-24T08:31:27+00:00\",\"breadcrumb\":{\"@id\":\"https:\\\/\\\/urolake.eus\\\/es\\\/politica-de-privacidad\\\/#breadcrumb\"},\"inLanguage\":\"es\",\"potentialAction\":[{\"@type\":\"ReadAction\",\"target\":[\"https:\\\/\\\/urolake.eus\\\/es\\\/politica-de-privacidad\\\/\"]}]},{\"@type\":\"BreadcrumbList\",\"@id\":\"https:\\\/\\\/urolake.eus\\\/es\\\/politica-de-privacidad\\\/#breadcrumb\",\"itemListElement\":[{\"@type\":\"ListItem\",\"position\":1,\"name\":\"Inicio\",\"item\":\"https:\\\/\\\/urolake.eus\\\/es\\\/\"},{\"@type\":\"ListItem\",\"position\":2,\"name\":\"Pol\u00edtica de Privacidad\"}]},{\"@type\":\"WebSite\",\"@id\":\"https:\\\/\\\/urolake.eus\\\/es\\\/#website\",\"url\":\"https:\\\/\\\/urolake.eus\\\/es\\\/\",\"name\":\"Urola K.E.\",\"description\":\"\",\"publisher\":{\"@id\":\"https:\\\/\\\/urolake.eus\\\/es\\\/#organization\"},\"potentialAction\":[{\"@type\":\"SearchAction\",\"target\":{\"@type\":\"EntryPoint\",\"urlTemplate\":\"https:\\\/\\\/urolake.eus\\\/es\\\/?s={search_term_string}\"},\"query-input\":{\"@type\":\"PropertyValueSpecification\",\"valueRequired\":true,\"valueName\":\"search_term_string\"}}],\"inLanguage\":\"es\"},{\"@type\":\"Organization\",\"@id\":\"https:\\\/\\\/urolake.eus\\\/es\\\/#organization\",\"name\":\"Urola K.E.\",\"url\":\"https:\\\/\\\/urolake.eus\\\/es\\\/\",\"logo\":{\"@type\":\"ImageObject\",\"inLanguage\":\"es\",\"@id\":\"https:\\\/\\\/urolake.eus\\\/es\\\/#\\\/schema\\\/logo\\\/image\\\/\",\"url\":\"https:\\\/\\\/urolake.eus\\\/wp-content\\\/uploads\\\/2022\\\/08\\\/cropped-UrolaKEtxt2.png\",\"contentUrl\":\"https:\\\/\\\/urolake.eus\\\/wp-content\\\/uploads\\\/2022\\\/08\\\/cropped-UrolaKEtxt2.png\",\"width\":1000,\"height\":357,\"caption\":\"Urola K.E.\"},\"image\":{\"@id\":\"https:\\\/\\\/urolake.eus\\\/es\\\/#\\\/schema\\\/logo\\\/image\\\/\"}}]}<\/script>\n<!-- \/ Yoast SEO plugin. -->","yoast_head_json":{"title":"Pol\u00edtica de Privacidad - Urola K.E.","robots":{"index":"index","follow":"follow","max-snippet":"max-snippet:-1","max-image-preview":"max-image-preview:large","max-video-preview":"max-video-preview:-1"},"canonical":"https:\/\/urolake.eus\/es\/politica-de-privacidad\/","og_locale":"es_ES","og_type":"article","og_title":"Pol\u00edtica de Privacidad - Urola K.E.","og_description":"1. El Urola KE informa a los usuarios que respeta la legislaci\u00f3n vigente en materia de protecci\u00f3n de datos personales, la privacidad de los usuarios y el secreto y seguridad de los datos personales, adoptando para ello las medidas t\u00e9cnicas y organizativas necesarias para evitar la p\u00e9rdida, mal uso, alteraci\u00f3n, acceso no autorizado y robo [&hellip;]","og_url":"https:\/\/urolake.eus\/es\/politica-de-privacidad\/","og_site_name":"Urola K.E.","article_modified_time":"2022-08-24T08:31:27+00:00","twitter_card":"summary_large_image","twitter_misc":{"Tiempo de lectura":"4 minutos"},"schema":{"@context":"https:\/\/schema.org","@graph":[{"@type":"WebPage","@id":"https:\/\/urolake.eus\/es\/politica-de-privacidad\/","url":"https:\/\/urolake.eus\/es\/politica-de-privacidad\/","name":"Pol\u00edtica de Privacidad - Urola K.E.","isPartOf":{"@id":"https:\/\/urolake.eus\/es\/#website"},"datePublished":"2022-08-10T09:34:18+00:00","dateModified":"2022-08-24T08:31:27+00:00","breadcrumb":{"@id":"https:\/\/urolake.eus\/es\/politica-de-privacidad\/#breadcrumb"},"inLanguage":"es","potentialAction":[{"@type":"ReadAction","target":["https:\/\/urolake.eus\/es\/politica-de-privacidad\/"]}]},{"@type":"BreadcrumbList","@id":"https:\/\/urolake.eus\/es\/politica-de-privacidad\/#breadcrumb","itemListElement":[{"@type":"ListItem","position":1,"name":"Inicio","item":"https:\/\/urolake.eus\/es\/"},{"@type":"ListItem","position":2,"name":"Pol\u00edtica de Privacidad"}]},{"@type":"WebSite","@id":"https:\/\/urolake.eus\/es\/#website","url":"https:\/\/urolake.eus\/es\/","name":"Urola K.E.","description":"","publisher":{"@id":"https:\/\/urolake.eus\/es\/#organization"},"potentialAction":[{"@type":"SearchAction","target":{"@type":"EntryPoint","urlTemplate":"https:\/\/urolake.eus\/es\/?s={search_term_string}"},"query-input":{"@type":"PropertyValueSpecification","valueRequired":true,"valueName":"search_term_string"}}],"inLanguage":"es"},{"@type":"Organization","@id":"https:\/\/urolake.eus\/es\/#organization","name":"Urola K.E.","url":"https:\/\/urolake.eus\/es\/","logo":{"@type":"ImageObject","inLanguage":"es","@id":"https:\/\/urolake.eus\/es\/#\/schema\/logo\/image\/","url":"https:\/\/urolake.eus\/wp-content\/uploads\/2022\/08\/cropped-UrolaKEtxt2.png","contentUrl":"https:\/\/urolake.eus\/wp-content\/uploads\/2022\/08\/cropped-UrolaKEtxt2.png","width":1000,"height":357,"caption":"Urola K.E."},"image":{"@id":"https:\/\/urolake.eus\/es\/#\/schema\/logo\/image\/"}}]}},"_links":{"self":[{"href":"https:\/\/urolake.eus\/es\/wp-json\/wp\/v2\/pages\/2926","targetHints":{"allow":["GET"]}}],"collection":[{"href":"https:\/\/urolake.eus\/es\/wp-json\/wp\/v2\/pages"}],"about":[{"href":"https:\/\/urolake.eus\/es\/wp-json\/wp\/v2\/types\/page"}],"author":[{"embeddable":true,"href":"https:\/\/urolake.eus\/es\/wp-json\/wp\/v2\/users\/1"}],"replies":[{"embeddable":true,"href":"https:\/\/urolake.eus\/es\/wp-json\/wp\/v2\/comments?post=2926"}],"version-history":[{"count":1,"href":"https:\/\/urolake.eus\/es\/wp-json\/wp\/v2\/pages\/2926\/revisions"}],"predecessor-version":[{"id":2927,"href":"https:\/\/urolake.eus\/es\/wp-json\/wp\/v2\/pages\/2926\/revisions\/2927"}],"wp:attachment":[{"href":"https:\/\/urolake.eus\/es\/wp-json\/wp\/v2\/media?parent=2926"}],"curies":[{"name":"wp","href":"https:\/\/api.w.org\/{rel}","templated":true}]}}